
{"id":35,"date":"2020-06-01T03:13:39","date_gmt":"2020-06-01T07:13:39","guid":{"rendered":"https:\/\/7dc3225e02.nxcli.net\/?page_id=35"},"modified":"2020-07-14T06:03:20","modified_gmt":"2020-07-14T10:03:20","slug":"faq","status":"publish","type":"page","link":"https:\/\/sfabogado.com\/es\/faq\/","title":{"rendered":"FAQ"},"content":{"rendered":"<h1>\n\t\tfaq&#8217;s\n\t<\/h1>\n\t\t\t<a href=\"#\" id=\"fl-accordion--label-0\" tabindex=\"0\" aria-controls=\"fl-accordion--panel-0\">\u00bfC\u00f3mo llevo a un miembro de la familia para que venga a vivir a los Estados Unidos? <\/a>\n\t\t<p>Su relaci\u00f3n con el beneficiario (persona solicitada) determinar\u00e1 el proceso y el tiempo que llevar\u00e1 el proceso. Cada proceso es diferente y requiere formas individualizadas. Consulte nuestra p\u00e1gina \"INMIGRACI\u00d3N FAMILIAR\" para obtener m\u00e1s detalles o ll\u00e1menos al 415-835-6000 para programar una consulta inicial.<\/p>\n\t\t\t<a href=\"#\" id=\"fl-accordion--label-1\" tabindex=\"0\" aria-controls=\"fl-accordion--panel-1\">\u00bfPuedo solicitar asilo desde el extranjero? <\/a>\n\t\t<p>Una persona no puede solicitar asilo desde su pa\u00eds de origen, ya que las solicitudes de asilo solo se procesan aqu\u00ed en los Estados Unidos.<\/p>\n\t\t\t<a href=\"#\" id=\"fl-accordion--label-2\" tabindex=\"0\" aria-controls=\"fl-accordion--panel-2\">\u00bfC\u00f3mo obtengo un permiso de trabajo? <\/a>\n\t\t<p>Se obtiene un permiso de trabajo al presentar el formulario I-765 ante el USCIS solo si tiene una solicitud actualmente pendiente que permita la autorizaci\u00f3n de trabajo. Desafortunadamente, no existe la posibilidad de solicitar un permiso de trabajo independiente. Todos los permisos de trabajo se emiten como resultado de una solicitud presentada y pendiente ante el USCIS. Ll\u00e1menos y podemos explicarle los detailles de obtener un permiso de trabajo espec\u00edfico para su situaci\u00f3n.<\/p>\n\t\t\t<a href=\"#\" id=\"fl-accordion--label-3\" tabindex=\"0\" aria-controls=\"fl-accordion--panel-3\">\u00bfHay abogados gratuitos en la corte de inmigraci\u00f3n?<\/a>\n\t\t<p>No hay \"defensores p\u00fablicos\" o abogados voluntarios en la corte de inmigraci\u00f3n. Llame a nuestra oficina si desea programar una consulta con uno de nuestros abogados para que lo asista si tiene una pr\u00f3xima audiencia en la corte.<\/p>\n\t\t\t<a href=\"#\" id=\"fl-accordion--label-4\" tabindex=\"0\" aria-controls=\"fl-accordion--panel-4\">\u00bfCu\u00e1nto es su tarifa de consulta inicial?<\/a>\n\t\t<p>$ 150 que se puede pagar con tarjeta de cr\u00e9dito, cheque, giro postal o efectivo.<\/p>","protected":false},"excerpt":{"rendered":"<p>faq&#8217;s How do I bring a family member to come and live in the United States? Your relationship with the beneficiary (person being petitioned) will determine the process and the length of time the process will take.\u00a0 Each process is different and require individualized forms.\u00a0 Please see our \u201cFAMILY IMMIGRATION\u201d page for more details, or&hellip;<\/p>","protected":false},"author":3,"featured_media":0,"parent":0,"menu_order":0,"comment_status":"closed","ping_status":"closed","template":"","meta":{"footnotes":""},"class_list":["post-35","page","type-page","status-publish","hentry"],"_links":{"self":[{"href":"https:\/\/sfabogado.com\/es\/wp-json\/wp\/v2\/pages\/35","targetHints":{"allow":["GET"]}}],"collection":[{"href":"https:\/\/sfabogado.com\/es\/wp-json\/wp\/v2\/pages"}],"about":[{"href":"https:\/\/sfabogado.com\/es\/wp-json\/wp\/v2\/types\/page"}],"author":[{"embeddable":true,"href":"https:\/\/sfabogado.com\/es\/wp-json\/wp\/v2\/users\/3"}],"replies":[{"embeddable":true,"href":"https:\/\/sfabogado.com\/es\/wp-json\/wp\/v2\/comments?post=35"}],"version-history":[{"count":3,"href":"https:\/\/sfabogado.com\/es\/wp-json\/wp\/v2\/pages\/35\/revisions"}],"predecessor-version":[{"id":246,"href":"https:\/\/sfabogado.com\/es\/wp-json\/wp\/v2\/pages\/35\/revisions\/246"}],"wp:attachment":[{"href":"https:\/\/sfabogado.com\/es\/wp-json\/wp\/v2\/media?parent=35"}],"curies":[{"name":"wp","href":"https:\/\/api.w.org\/{rel}","templated":true}]}}