
{"id":5,"date":"2020-06-01T01:29:28","date_gmt":"2020-06-01T05:29:28","guid":{"rendered":"https:\/\/7dc3225e02.nxcli.net\/?page_id=5"},"modified":"2024-06-21T14:03:39","modified_gmt":"2024-06-21T18:03:39","slug":"home","status":"publish","type":"page","link":"https:\/\/sfabogado.com\/es\/","title":{"rendered":"Casa"},"content":{"rendered":"<h2>\n\t\tBienvenida a\n\t<\/h2>\n<h1>\n\t\targumedo | grupo de derecho garzon\n\t<\/h1>\n<h2>\n\t\tWe Specialize in Immigration Law\n\t<\/h2>\n\t\t\t<a href=\"tel:415-835-6000\" target=\"_self\" rel=\"noopener\">\n\t\t\t\t\t\t\tllama ahora\n\t\t\t\t\t<\/a>\n<h2>\n\t\tAtencion\n\t<\/h2>\n\tEl 18 de junio de 2024, el presidente Biden anunci\u00f3 un programa que permitir\u00eda a los c\u00f3nyuges indocumentados de ciudadanos estadounidenses solicitar tarjetas de residencia sin tener que salir de los EE. UU. Tambi\u00e9n se espera que el programa beneficie a sus hijos indocumentados que quiz\u00e1s no hayan sido elegibles para DACA.<br \/>\nPara calificar, el c\u00f3nyuge indocumentado debe:<br \/>\n\u2022 Estar presente en los Estados Unidos sin admisi\u00f3n ni libertad condicional;<br \/>\n\u2022 Haber estado presente continuamente en los Estados Unidos durante al menos 10 a\u00f1os a partir del 17 de junio de 2024; y<br \/>\n\u2022 Tener un matrimonio legalmente v\u00e1lido con un ciudadano estadounidense al 17 de junio de 2024.\n<p><strong>Llame a nuestra oficina para programar una cita para que nuestros abogados puedan determinar si este nuevo cambio en la ley puede beneficiarlo a usted y a su familia. 415-835-6000\u00a0 <a href=\"tel:415-835-6000\" target=\"_blank\" rel=\"noopener\">415-835-6000<\/a><\/strong><\/p>\n<h2>\n\t\tSobre nosotras\n\t<\/h2>\n\t<p>We are a team of experienced bilingual immigration attorneys who can help support you and your loved ones in any phase of the immigration process. Please know that you can trust us with the important job of securing you and your loved ones&#8217; lives here in the United States with confidence and respect. We recognize that our clients are hard working so we offer payment plans and sliding fees. Please call us to schedule an appointment with one of our attorneys today to find out how we can help you. We look forward to meeting you.<\/p>\n\t\t\t<a href=\"\/es\/about-us\/\" target=\"_self\" rel=\"noopener\">\n\t\t\t\t\t\t\taprende m\u00e1s\n\t\t\t\t\t<\/a>\n\t\t\t\t<img decoding=\"async\" src=\"https:\/\/7dc3225e02.nxcli.net\/wp-content\/uploads\/2020\/06\/about-us.jpg\" alt=\"about-us\" itemprop=\"image\" title=\"about-us\" onerror=\"this.style.display='none'\"  \/>\n<h2>\n\t\tservicios jur\u00eddicos\n\t<\/h2>\n<h2>\n\t\tservicios que brindamos\n\t<\/h2>\n\t\t\t\t<a href=\"\/es\/waivers\/\" target=\"_self\" itemprop=\"url\" rel=\"noopener\">\n\t\t\t\t<img decoding=\"async\" src=\"https:\/\/7dc3225e02.nxcli.net\/wp-content\/uploads\/2020\/06\/Waivers.png\" alt=\"Waivers\" itemprop=\"image\" title=\"Perdones\" onerror=\"this.style.display='none'\"  \/>\n\t\t\t\t<\/a>\n<h3><a href=\"\/es\/waivers\/\" target=\"_self\" rel=\"noopener\">Perdones<\/a><\/h3><p>Los Perdones son una forma de curar los duros efectos de ciertas leyes de inmigraci\u00f3n despu\u00e9s de ser deportado o aqu\u00ed sin documentaci\u00f3n.<\/p>\n<a href=\"\/es\/waivers\/\" target=\"_self\" rel=\"noopener\">aprende m\u00e1s<\/a>\t\n\t\t\t\t<a href=\"\/es\/nationwide-removal-defense\/\" target=\"_self\" itemprop=\"url\" rel=\"noopener\">\n\t\t\t\t<img decoding=\"async\" src=\"https:\/\/7dc3225e02.nxcli.net\/wp-content\/uploads\/2020\/06\/Removal-defense.png\" alt=\"Removal defense\" itemprop=\"image\" title=\"DEFENSA CONTRA LA DEPORTACION\" onerror=\"this.style.display='none'\"  \/>\n\t\t\t\t<\/a>\n<h3><a href=\"\/es\/nationwide-removal-defense\/\" target=\"_self\" rel=\"noopener\">DEFENSA CONTRA LA DEPORTACION<\/a><\/h3><p>Si usted o alguien que conoce est\u00e1 detenido por ICE o tiene previsto comparecer ante un juez de inmigraci\u00f3n, ll\u00e1menos.<\/p>\n<a href=\"\/es\/nationwide-removal-defense\/\" target=\"_self\" rel=\"noopener\">aprende m\u00e1s<\/a>\t\n\t\t\t\t<a href=\"\/es\/asylum\/\" target=\"_self\" itemprop=\"url\" rel=\"noopener\">\n\t\t\t\t<img decoding=\"async\" src=\"https:\/\/7dc3225e02.nxcli.net\/wp-content\/uploads\/2020\/06\/Asylum.png\" alt=\"Asylum\" itemprop=\"image\" title=\"Asilo\" onerror=\"this.style.display='none'\"  \/>\n\t\t\t\t<\/a>\n<h3><a href=\"\/es\/asylum\/\" target=\"_self\" rel=\"noopener\">Asilo<\/a><\/h3><p>Si ha sido perseguido en su pa\u00eds de origen, podemos ayudarlo.<\/p>\n<a href=\"\/es\/asylum\/\" target=\"_self\" rel=\"noopener\">aprende m\u00e1s<\/a>\t\n\t\t\t\t<a href=\"\/es\/lgbtq\/\" target=\"_self\" itemprop=\"url\" rel=\"noopener\">\n\t\t\t\t<img decoding=\"async\" src=\"https:\/\/7dc3225e02.nxcli.net\/wp-content\/uploads\/2020\/06\/LGBT.png\" alt=\"LGBT\" itemprop=\"image\" title=\"LGBT\" onerror=\"this.style.display='none'\"  \/>\n\t\t\t\t<\/a>\n<h3><a href=\"\/es\/lgbtq\/\" target=\"_self\" rel=\"noopener\">LGBT<\/a><\/h3><p>Nuestros abogados tienen una amplia experiencia asesorando a inmigrantes lesbianas, gays, bisexuales y transg\u00e9nero (LGBT) y sus familias.<\/p>\n<a href=\"\/es\/lgbtq\/\" target=\"_self\" rel=\"noopener\">aprende m\u00e1s<\/a>\t\n\t\t\t\t<a href=\"\/es\/citizenship-and-greencard\/\" target=\"_self\" itemprop=\"url\" rel=\"noopener\">\n\t\t\t\t<img decoding=\"async\" src=\"https:\/\/7dc3225e02.nxcli.net\/wp-content\/uploads\/2020\/06\/Citizenship-and-greencard.png\" alt=\"Citizenship and greencard\" itemprop=\"image\" title=\"Ciudadan\u00eda\" onerror=\"this.style.display='none'\"  \/>\n\t\t\t\t<\/a>\n<h3><a href=\"\/es\/citizenship-and-greencard\/\" target=\"_self\" rel=\"noopener\">Ciudadan\u00eda<\/a><\/h3><p>Podemos ayudarlo a cumplir el sue\u00f1o de convertirse en ciudadano estadounidense.<\/p>\n<a href=\"\/es\/citizenship-and-greencard\/\" target=\"_self\" rel=\"noopener\">aprende m\u00e1s<\/a>\t\n\t\t\t\t<a href=\"\/es\/family-immigration\/\" target=\"_self\" itemprop=\"url\" rel=\"noopener\">\n\t\t\t\t<img decoding=\"async\" src=\"https:\/\/7dc3225e02.nxcli.net\/wp-content\/uploads\/2020\/06\/Marriage-and-family.png\" alt=\"Marriage and family\" itemprop=\"image\" title=\"RESIDENCIA LEGAL POR MEDIO DE UN FAMILIAR\" onerror=\"this.style.display='none'\"  \/>\n\t\t\t\t<\/a>\n<h3><a href=\"\/es\/family-immigration\/\" target=\"_self\" rel=\"noopener\">RESIDENCIA LEGAL POR MEDIO DE UN FAMILIAR<\/a><\/h3><p>Podemos ayudarlo a obtener un estado legal si tiene familiares que deseen presentar una petici\u00f3n por Usted.<\/p>\n<a href=\"\/es\/family-immigration\/\" target=\"_self\" rel=\"noopener\">aprende m\u00e1s<\/a>\t\n<h2>\n\t\tPor qu\u00e9 elegirnos\n\t<\/h2>\n\t\t\t\t<img decoding=\"async\" src=\"https:\/\/7dc3225e02.nxcli.net\/wp-content\/uploads\/2020\/06\/choose-us.jpg\" alt=\"choose us\" itemprop=\"image\" title=\"choose us\" onerror=\"this.style.display='none'\"  \/>\n<h3>\n\t\tGUIANDO A LAS FAMILIAS A TRAV\u00c9S DEL PROCESO DE INMIGRACI\u00d3N\n\t<\/h3>\n\t<p>Oftentimes, the only thing keeping families apart is the complicated and confusing immigration process. And in today&#8217;s tumultuous political climate, many immigrants question how they will be able to unite their families &#8211; and keep them united.<\/p>\n<p>En Argumedo Garzon Law Group, nuestros abogados est\u00e1n dedicados a ayudarlo a usted y a su familia con sus desaf\u00edos de inmigraci\u00f3n. Centramos nuestra pr\u00e1ctica en:<\/p>\n<ul id=\"home-page-list\">\n<li>Residencia y naturalizaci\u00f3n<\/li>\n<li>Remoci\u00f3n nacional y defensa de deportaci\u00f3n<\/li>\n<li>Consultas sobre las consecuencias migratorias de los antecedentes penales.<\/li>\n<li>Procesamiento consular y exenciones<\/li>\n<li>Ayuda humanitaria (visas U, TPS, etc.)<\/li>\n<li>Solicitudes de asilo<\/li>\n<li>Nuestros abogados tienen familiares que han emigrado a este pa\u00eds y est\u00e1n aqu\u00ed para ayudarlo a superar los desaf\u00edos y las preocupaciones que enfrentan los inmigrantes de California y sus familias.<\/li>\n<\/ul>\n\t\t\t\t<img decoding=\"async\" src=\"https:\/\/7dc3225e02.nxcli.net\/wp-content\/uploads\/2020\/06\/contact.jpg\" alt=\"contact\" itemprop=\"image\" title=\"contact\" onerror=\"this.style.display='none'\"  \/>\n<h2>\n\t\tcontacta a nuestra firma\n\t<\/h2>\n\t<p>No dude en enviarnos un enlace a continuaci\u00f3n:<\/p>\n\n<div class=\"wpcf7 no-js\" id=\"wpcf7-f97-o1\" lang=\"en-US\" dir=\"ltr\" data-wpcf7-id=\"97\">\n<div class=\"screen-reader-response\"><p role=\"status\" aria-live=\"polite\" aria-atomic=\"true\"><\/p> <ul><\/ul><\/div>\n<form action=\"\/es\/wp-json\/wp\/v2\/pages\/5#wpcf7-f97-o1\" method=\"post\" class=\"wpcf7-form init\" aria-label=\"Contact form\" novalidate=\"novalidate\" data-status=\"init\" data-trp-original-action=\"\/es\/wp-json\/wp\/v2\/pages\/5#wpcf7-f97-o1\">\n<fieldset class=\"hidden-fields-container\"><input type=\"hidden\" name=\"_wpcf7\" value=\"97\" \/><input type=\"hidden\" name=\"_wpcf7_version\" value=\"6.1.5\" \/><input type=\"hidden\" name=\"_wpcf7_locale\" value=\"en_US\" \/><input type=\"hidden\" name=\"_wpcf7_unit_tag\" value=\"wpcf7-f97-o1\" \/><input type=\"hidden\" name=\"_wpcf7_container_post\" value=\"0\" \/><input type=\"hidden\" name=\"_wpcf7_posted_data_hash\" value=\"\" \/>\n<\/fieldset>\n<div id=\"d1\">\n\t<p><span class=\"wpcf7-form-control-wrap\" data-name=\"your-name\"><input size=\"40\" maxlength=\"400\" class=\"wpcf7-form-control wpcf7-text wpcf7-validates-as-required\" aria-required=\"true\" aria-invalid=\"false\" placeholder=\"Tu nombre\" value=\"\" type=\"text\" name=\"your-name\" \/><\/span>\n\t<\/p>\n<\/div>\n<div id=\"d1\">\n\t<p><span class=\"wpcf7-form-control-wrap\" data-name=\"your-email\"><input size=\"40\" maxlength=\"400\" class=\"wpcf7-form-control wpcf7-email wpcf7-validates-as-required wpcf7-text wpcf7-validates-as-email\" aria-required=\"true\" aria-invalid=\"false\" placeholder=\"Tu correo electr\u00f3nico\" value=\"\" type=\"email\" name=\"your-email\" \/><\/span>\n\t<\/p>\n<\/div>\n<div id=\"d1\">\n\t<p><span class=\"wpcf7-form-control-wrap\" data-name=\"your-subject\"><input size=\"40\" maxlength=\"400\" class=\"wpcf7-form-control wpcf7-text wpcf7-validates-as-required\" aria-required=\"true\" aria-invalid=\"false\" placeholder=\"Sujeta\" value=\"\" type=\"text\" name=\"your-subject\" \/><\/span>\n\t<\/p>\n<\/div>\n<div id=\"d1\">\n\t<p><span class=\"wpcf7-form-control-wrap\" data-name=\"your-message\"><textarea cols=\"40\" rows=\"10\" maxlength=\"2000\" class=\"wpcf7-form-control wpcf7-textarea\" aria-invalid=\"false\" placeholder=\"Tu mensaje\" name=\"your-message\"><\/textarea><\/span>\n\t<\/p>\n<\/div>\n<p><div id=\"cf7sr-69eb63002417d\" class=\"cf7sr-g-recaptcha\" data-theme=\"light\" data-type=\"image\" data-size=\"normal\" data-sitekey=\"6Lc7lcIZAAAAAKXF6eZtKcGBBv-ncViJEyy2Ujfo\"><\/div><span class=\"wpcf7-form-control-wrap cf7sr-recaptcha\" data-name=\"cf7sr-recaptcha\"><input type=\"hidden\" name=\"cf7sr-recaptcha\" value=\"\" class=\"wpcf7-form-control\"><\/span>\n<\/p>\n<div>\n\t<p><input class=\"wpcf7-form-control wpcf7-submit has-spinner\" type=\"submit\" value=\"Enviar\" \/>\n\t<\/p>\n<\/div><div class=\"wpcf7-response-output\" aria-hidden=\"true\"><\/div>\n<input type=\"hidden\" name=\"trp-form-language\" value=\"es\"\/><\/form>\n<\/div>","protected":false},"excerpt":{"rendered":"<p>welcome to argumedo | garzon law group We Specialize in Immigration Law Call Now Attention On June 18, 2024, President Biden announced a program which would enable undocumented spouses of U.S. citizens to apply for green cards without having to leave the U.S. The program is also expected to benefit their undocumented children who may&hellip;<\/p>","protected":false},"author":3,"featured_media":0,"parent":0,"menu_order":0,"comment_status":"closed","ping_status":"closed","template":"","meta":{"footnotes":""},"class_list":["post-5","page","type-page","status-publish","hentry"],"_links":{"self":[{"href":"https:\/\/sfabogado.com\/es\/wp-json\/wp\/v2\/pages\/5","targetHints":{"allow":["GET"]}}],"collection":[{"href":"https:\/\/sfabogado.com\/es\/wp-json\/wp\/v2\/pages"}],"about":[{"href":"https:\/\/sfabogado.com\/es\/wp-json\/wp\/v2\/types\/page"}],"author":[{"embeddable":true,"href":"https:\/\/sfabogado.com\/es\/wp-json\/wp\/v2\/users\/3"}],"replies":[{"embeddable":true,"href":"https:\/\/sfabogado.com\/es\/wp-json\/wp\/v2\/comments?post=5"}],"version-history":[{"count":35,"href":"https:\/\/sfabogado.com\/es\/wp-json\/wp\/v2\/pages\/5\/revisions"}],"predecessor-version":[{"id":1258,"href":"https:\/\/sfabogado.com\/es\/wp-json\/wp\/v2\/pages\/5\/revisions\/1258"}],"wp:attachment":[{"href":"https:\/\/sfabogado.com\/es\/wp-json\/wp\/v2\/media?parent=5"}],"curies":[{"name":"wp","href":"https:\/\/api.w.org\/{rel}","templated":true}]}}